{"id":243,"date":"2025-12-29T14:29:50","date_gmt":"2025-12-29T14:29:50","guid":{"rendered":"https:\/\/advokatur-graf.ch\/?page_id=243"},"modified":"2026-01-04T13:25:51","modified_gmt":"2026-01-04T13:25:51","slug":"ueber-uns","status":"publish","type":"page","link":"https:\/\/advokatur-graf.ch\/?page_id=243","title":{"rendered":"\u00dcber uns"},"content":{"rendered":"\n<div class=\"wp-block-group alignfull has-global-padding is-layout-constrained wp-container-core-group-is-layout-9ac82b65 wp-block-group-is-layout-constrained\" style=\"min-height:0vh;margin-top:0;margin-bottom:0;padding-top:var(--wp--preset--spacing--20);padding-right:var(--wp--preset--spacing--40);padding-bottom:var(--wp--preset--spacing--20);padding-left:var(--wp--preset--spacing--40)\">\n<div class=\"wp-block-group has-global-padding is-layout-constrained wp-container-core-group-is-layout-346627ba wp-block-group-is-layout-constrained\">\n<h2 class=\"wp-block-heading has-text-align-center has-xx-large-font-size\" style=\"margin-right:0;margin-left:0;padding-right:0;padding-left:0\">\u00dcber uns<\/h2>\n<\/div>\n<\/div>\n\n\n\n<div class=\"wp-block-group alignfull has-global-padding is-layout-constrained wp-container-core-group-is-layout-0323a4a3 wp-block-group-is-layout-constrained\" style=\"margin-top:var(--wp--preset--spacing--30);margin-bottom:var(--wp--preset--spacing--30)\"><\/div>\n\n\n\n<div class=\"wp-block-group alignfull has-global-padding is-content-justification-center is-layout-constrained wp-container-core-group-is-layout-ef34c563 wp-block-group-is-layout-constrained\" style=\"margin-top:var(--wp--preset--spacing--30);margin-bottom:var(--wp--preset--spacing--30);padding-right:var(--wp--preset--spacing--20);padding-left:var(--wp--preset--spacing--20)\">\n<div class=\"wp-block-group alignwide is-layout-flow wp-container-core-group-is-layout-4d557846 wp-block-group-is-layout-flow\" style=\"margin-top:0;margin-bottom:0;padding-top:var(--wp--preset--spacing--30);padding-right:var(--wp--preset--spacing--40);padding-bottom:var(--wp--preset--spacing--30);padding-left:var(--wp--preset--spacing--40)\">\n<h2 class=\"wp-block-heading has-x-large-font-size\" style=\"margin-top:0;margin-right:0;margin-bottom:0;margin-left:0;padding-top:var(--wp--preset--spacing--30);padding-right:0;padding-bottom:var(--wp--preset--spacing--30);padding-left:0\">Zur Person<\/h2>\n\n\n\n<div class=\"wp-block-columns is-layout-flex wp-container-core-columns-is-layout-2d7698b3 wp-block-columns-is-layout-flex\" style=\"padding-right:0;padding-left:0\">\n<div class=\"wp-block-column is-layout-flow wp-block-column-is-layout-flow\" style=\"padding-right:0;padding-left:0;flex-basis:66.66%\">\n<div class=\"wp-block-group is-vertical is-content-justification-stretch is-layout-flex wp-container-core-group-is-layout-353c4f5a wp-block-group-is-layout-flex\">\n<p style=\"margin-top:var(--wp--preset--spacing--20);margin-right:0;margin-bottom:var(--wp--preset--spacing--20);margin-left:0\">Lic. iur. Cora Graf-Gaiser ist Rechtsanw\u00e4ltin mit langj\u00e4hriger Erfahrung im Personenstands- und Familienrecht sowie in der Rechtsetzung. Nach dem Studium an der Universit\u00e4t in Z\u00fcrich (1992) war sie an Gerichten, in Anwaltskanzleien und in der Verwaltung t\u00e4tig.<\/p>\n\n\n\n<p style=\"margin-top:var(--wp--preset--spacing--20);margin-right:0;margin-bottom:var(--wp--preset--spacing--20);margin-left:0\">Sie ber\u00e4t und vertritt ihre Klientschaft kompetent und l\u00f6sungsorientiert \u2013 sowohl aussergerichtlich als auch prozessierend. Zus\u00e4tzlich ist sie als Mediatorin t\u00e4tig.<\/p>\n\n\n\n<p style=\"margin-top:var(--wp--preset--spacing--20);margin-right:0;margin-bottom:var(--wp--preset--spacing--20);margin-left:0\">Privat ist sie verheiratet, Mutter von drei erwachsenen Kindern und gerne sportlich unterwegs (skifahren, biken, wandern, tauchen).<\/p>\n\n\n\n<p style=\"margin-top:var(--wp--preset--spacing--20);margin-right:0;margin-bottom:var(--wp--preset--spacing--20);margin-left:0\">Sprachen: <br>Deutsch, Franz\u00f6sisch, Englisch, Italienisch<\/p>\n<\/div>\n<\/div>\n\n\n\n<div class=\"wp-block-column is-layout-flow wp-block-column-is-layout-flow\" style=\"padding-right:var(--wp--preset--spacing--50);padding-left:var(--wp--preset--spacing--50);flex-basis:33.33%\">\n<div class=\"wp-block-group is-vertical is-content-justification-center is-layout-flex wp-container-core-group-is-layout-ce155fab wp-block-group-is-layout-flex\">\n<figure class=\"wp-block-image size-full is-resized\"><img loading=\"lazy\" decoding=\"async\" width=\"650\" height=\"914\" src=\"http:\/\/advokatur-graf.ch\/wp-content\/uploads\/2025\/12\/1554_mit-Hintergrund.png\" alt=\"\" class=\"wp-image-263\" style=\"aspect-ratio:0.7111660949596056;width:427px;height:auto\" srcset=\"https:\/\/advokatur-graf.ch\/wp-content\/uploads\/2025\/12\/1554_mit-Hintergrund.png 650w, https:\/\/advokatur-graf.ch\/wp-content\/uploads\/2025\/12\/1554_mit-Hintergrund-213x300.png 213w\" sizes=\"auto, (max-width: 650px) 100vw, 650px\" \/><\/figure>\n<\/div>\n<\/div>\n<\/div>\n<\/div>\n\n\n\n<div class=\"wp-block-group alignwide is-layout-flow wp-container-core-group-is-layout-4d557846 wp-block-group-is-layout-flow\" style=\"margin-top:0;margin-bottom:0;padding-top:var(--wp--preset--spacing--30);padding-right:var(--wp--preset--spacing--40);padding-bottom:var(--wp--preset--spacing--30);padding-left:var(--wp--preset--spacing--40)\">\n<h2 class=\"wp-block-heading has-x-large-font-size\" style=\"margin-top:0;margin-bottom:0;padding-top:var(--wp--preset--spacing--20);padding-bottom:var(--wp--preset--spacing--20)\">Publikationen<\/h2>\n\n\n\n<ul class=\"wp-block-list\">\n<li>Basler Kommentar, ZGB I (Art. 30b, 39-49 u. 94-103)<\/li>\n\n\n\n<li>Basler Kommentar, ZGB II (Art. 6a SchlT ZGB)<\/li>\n\n\n\n<li>Handkommentar zum Schweizer Privatrecht (Art. 39-51 ZGB u. Art. 6a SchlT ZGB)<\/li>\n\n\n\n<li>FAMPRA, Das neue Namens- und B\u00fcrgerrecht, Jg. 14 (2013), S. 251 ff.<\/li>\n\n\n\n<li>Zeitschrift f\u00fcr Zivilstandswesen, Haftung f\u00fcr Haftpflichtf\u00e4lle, 2001\/10, S. 317 ff.<\/li>\n<\/ul>\n<\/div>\n<\/div>\n","protected":false},"excerpt":{"rendered":"<p>\u00dcber uns Zur Person Lic. iur. Cora Graf-Gaiser ist Rechtsanw\u00e4ltin mit langj\u00e4hriger Erfahrung im Personenstands- und Familienrecht sowie in der Rechtsetzung. Nach dem Studium an der Universit\u00e4t in Z\u00fcrich (1992) war sie an Gerichten, in Anwaltskanzleien und in der Verwaltung t\u00e4tig. Sie ber\u00e4t und vertritt ihre Klientschaft kompetent und l\u00f6sungsorientiert \u2013 sowohl aussergerichtlich als auch [&hellip;]<\/p>\n","protected":false},"author":1,"featured_media":0,"parent":0,"menu_order":0,"comment_status":"closed","ping_status":"closed","template":"","meta":{"footnotes":""},"class_list":["post-243","page","type-page","status-publish","hentry"],"jetpack_sharing_enabled":true,"_links":{"self":[{"href":"https:\/\/advokatur-graf.ch\/index.php?rest_route=\/wp\/v2\/pages\/243","targetHints":{"allow":["GET"]}}],"collection":[{"href":"https:\/\/advokatur-graf.ch\/index.php?rest_route=\/wp\/v2\/pages"}],"about":[{"href":"https:\/\/advokatur-graf.ch\/index.php?rest_route=\/wp\/v2\/types\/page"}],"author":[{"embeddable":true,"href":"https:\/\/advokatur-graf.ch\/index.php?rest_route=\/wp\/v2\/users\/1"}],"replies":[{"embeddable":true,"href":"https:\/\/advokatur-graf.ch\/index.php?rest_route=%2Fwp%2Fv2%2Fcomments&post=243"}],"version-history":[{"count":26,"href":"https:\/\/advokatur-graf.ch\/index.php?rest_route=\/wp\/v2\/pages\/243\/revisions"}],"predecessor-version":[{"id":432,"href":"https:\/\/advokatur-graf.ch\/index.php?rest_route=\/wp\/v2\/pages\/243\/revisions\/432"}],"wp:attachment":[{"href":"https:\/\/advokatur-graf.ch\/index.php?rest_route=%2Fwp%2Fv2%2Fmedia&parent=243"}],"curies":[{"name":"wp","href":"https:\/\/api.w.org\/{rel}","templated":true}]}}