{"id":26,"date":"2025-12-23T11:45:53","date_gmt":"2025-12-23T11:45:53","guid":{"rendered":"https:\/\/advokatur-graf.ch\/?page_id=26"},"modified":"2026-01-04T13:30:53","modified_gmt":"2026-01-04T13:30:53","slug":"dienstleistungen","status":"publish","type":"page","link":"https:\/\/advokatur-graf.ch\/?page_id=26","title":{"rendered":"Dienstleistungen"},"content":{"rendered":"\n<div class=\"wp-block-group alignfull has-global-padding is-layout-constrained wp-container-core-group-is-layout-9ac82b65 wp-block-group-is-layout-constrained\" style=\"min-height:0vh;margin-top:0;margin-bottom:0;padding-top:var(--wp--preset--spacing--20);padding-right:var(--wp--preset--spacing--40);padding-bottom:var(--wp--preset--spacing--20);padding-left:var(--wp--preset--spacing--40)\">\n<div class=\"wp-block-group has-global-padding is-layout-constrained wp-container-core-group-is-layout-346627ba wp-block-group-is-layout-constrained\">\n<h2 class=\"wp-block-heading has-text-align-center has-xx-large-font-size\" style=\"margin-right:0;margin-left:0;padding-right:0;padding-left:0\">Dienstleistungen<\/h2>\n<\/div>\n<\/div>\n\n\n\n<div class=\"wp-block-group alignfull has-global-padding is-content-justification-center is-layout-constrained wp-container-core-group-is-layout-ef34c563 wp-block-group-is-layout-constrained\" style=\"margin-top:var(--wp--preset--spacing--30);margin-bottom:var(--wp--preset--spacing--30);padding-right:var(--wp--preset--spacing--20);padding-left:var(--wp--preset--spacing--20)\">\n<div class=\"wp-block-group alignwide is-layout-flow wp-container-core-group-is-layout-92cbe4a3 wp-block-group-is-layout-flow\" style=\"margin-top:0;margin-bottom:0;padding-top:var(--wp--preset--spacing--20);padding-right:var(--wp--preset--spacing--50);padding-bottom:var(--wp--preset--spacing--20);padding-left:var(--wp--preset--spacing--50)\">\n<p style=\"margin-top:var(--wp--preset--spacing--20);margin-right:0;margin-bottom:var(--wp--preset--spacing--20);margin-left:0\">Wir stehen f\u00fcr klare Kommunikation, fundierte Fachkenntnisse und praxisnahe L\u00f6sungen \u2013 in der Beratung, vor Beh\u00f6rden und Gerichten sowie in der Lehre.<\/p>\n\n\n\n<p style=\"margin-top:var(--wp--preset--spacing--20);margin-right:0;margin-bottom:var(--wp--preset--spacing--20);margin-left:0\">Kontaktieren Sie uns jetzt und lassen Sie uns gemeinsam Ihre rechtlichen Herausforderungen meistern &#8211; wir sind gerne f\u00fcr Sie da!<\/p>\n<\/div>\n\n\n\n<div class=\"wp-block-group alignwide is-layout-flow wp-container-core-group-is-layout-3bc14147 wp-block-group-is-layout-flow\" style=\"margin-top:0;margin-bottom:0;padding-top:var(--wp--preset--spacing--30);padding-right:var(--wp--preset--spacing--50);padding-bottom:var(--wp--preset--spacing--30);padding-left:var(--wp--preset--spacing--50)\">\n<hr class=\"wp-block-separator has-alpha-channel-opacity\" style=\"margin-top:var(--wp--preset--spacing--20);margin-bottom:var(--wp--preset--spacing--20)\"\/>\n\n\n\n<h2 class=\"wp-block-heading has-x-large-font-size\" style=\"margin-top:0;margin-bottom:0;padding-top:var(--wp--preset--spacing--20);padding-bottom:var(--wp--preset--spacing--20)\">Familienrecht<\/h2>\n\n\n\n<p style=\"margin-top:var(--wp--preset--spacing--20);margin-right:0;margin-bottom:var(--wp--preset--spacing--20);margin-left:0\">Wir begleiten Sie kompetent und einf\u00fchlsam in allen familienrechtlichen Angelegenheiten \u2013 von der ersten Beratung bis zur gerichtlichen Vertretung.<\/p>\n\n\n\n<div class=\"wp-block-group is-layout-flow wp-container-core-group-is-layout-8cf3dff6 wp-block-group-is-layout-flow\" style=\"padding-top:var(--wp--preset--spacing--20);padding-bottom:var(--wp--preset--spacing--20)\">\n<details class=\"wp-block-details has-background is-layout-flow wp-container-core-details-is-layout-f4455a1d wp-block-details-is-layout-flow\" style=\"background-color:#f6f6f6;margin-right:var(--wp--preset--spacing--20);margin-left:var(--wp--preset--spacing--20);padding-top:var(--wp--preset--spacing--20);padding-right:var(--wp--preset--spacing--20);padding-bottom:var(--wp--preset--spacing--20);padding-left:var(--wp--preset--spacing--20)\"><summary>Eherecht<\/summary>\n<div class=\"wp-block-group is-layout-flow wp-block-group-is-layout-flow\" style=\"padding-right:var(--wp--preset--spacing--20);padding-left:var(--wp--preset--spacing--20)\">\n<p>Bei Fragen rund um Ehe, Trennung und Scheidung stehen wir Ihnen mit Erfahrung und Weitblick zur Seite:<\/p>\n\n\n\n<ul style=\"padding-top:0;padding-right:var(--wp--preset--spacing--30);padding-bottom:0;padding-left:var(--wp--preset--spacing--30)\" class=\"wp-block-list is-style-default\">\n<li>Beurteilung und Kl\u00e4rung der <strong>Verm\u00f6gensverh\u00e4ltnisse<\/strong><\/li>\n\n\n\n<li><strong>Unterhaltsberechnungen<\/strong> f\u00fcr Ehegatten<\/li>\n\n\n\n<li>Beratung und Vertretung bei <strong>Getrenntleben<\/strong>, <strong>Ehetrennung<\/strong> und <strong>Ehescheidung<\/strong><\/li>\n\n\n\n<li>Unterst\u00fctzung bei einvernehmlichen L\u00f6sungen sowie konsequente Durchsetzung Ihrer Rechte vor Gericht<\/li>\n<\/ul>\n<\/div>\n<\/details>\n\n\n\n<details class=\"wp-block-details has-background is-layout-flow wp-container-core-details-is-layout-f4455a1d wp-block-details-is-layout-flow\" style=\"background-color:#f6f6f6;margin-right:var(--wp--preset--spacing--20);margin-left:var(--wp--preset--spacing--20);padding-top:var(--wp--preset--spacing--20);padding-right:var(--wp--preset--spacing--20);padding-bottom:var(--wp--preset--spacing--20);padding-left:var(--wp--preset--spacing--20)\"><summary>Kindesrecht<\/summary>\n<div class=\"wp-block-group is-layout-flow wp-block-group-is-layout-flow\" style=\"padding-right:var(--wp--preset--spacing--20);padding-left:var(--wp--preset--spacing--20)\">\n<p>Das Wohl des Kindes steht im Mittelpunkt unserer Arbeit. Wir beraten und vertreten Sie unter anderem in folgenden Bereichen:<\/p>\n\n\n\n<ul style=\"padding-top:0;padding-right:var(--wp--preset--spacing--30);padding-bottom:0;padding-left:var(--wp--preset--spacing--30)\" class=\"wp-block-list is-style-default\">\n<li><strong>Berechnung von Unterhaltsanspr\u00fcchen<\/strong> des Kindes<\/li>\n\n\n\n<li>Regelung der <strong>elterlichen Sorge und Obhut<\/strong><\/li>\n\n\n\n<li>Festlegung von <strong>Betreuungs- und Besuchsrechten<\/strong><\/li>\n\n\n\n<li>Feststellung des <strong>Kindesverh\u00e4ltnisses<\/strong>, <strong>Kindesanerkennung<\/strong>, Anfechtung der <strong>Vaterschaft<\/strong><\/li>\n<\/ul>\n<\/div>\n<\/details>\n\n\n\n<details class=\"wp-block-details has-background is-layout-flow wp-container-core-details-is-layout-f4455a1d wp-block-details-is-layout-flow\" style=\"background-color:#f6f6f6;margin-right:var(--wp--preset--spacing--20);margin-left:var(--wp--preset--spacing--20);padding-top:var(--wp--preset--spacing--20);padding-right:var(--wp--preset--spacing--20);padding-bottom:var(--wp--preset--spacing--20);padding-left:var(--wp--preset--spacing--20)\"><summary>Konkubinat<\/summary>\n<div class=\"wp-block-group is-layout-flow wp-block-group-is-layout-flow\" style=\"padding-right:var(--wp--preset--spacing--20);padding-left:var(--wp--preset--spacing--20)\">\n<p>Das Wohl des Kindes steht im Mittelpunkt unserer Arbeit. Wir beraten und vertreten Sie unter anderem in folgenden Bereichen:<\/p>\n\n\n\n<ul style=\"padding-top:0;padding-right:var(--wp--preset--spacing--30);padding-bottom:0;padding-left:var(--wp--preset--spacing--30)\" class=\"wp-block-list is-style-default\">\n<li>Rechtlicher <strong>Einordnung und Gestaltung des Konkubinats<\/strong><\/li>\n\n\n\n<li>Regelung von <strong>Verm\u00f6gensfragen<\/strong> und finanziellen Anspr\u00fcchen<\/li>\n\n\n\n<li>Beratung bei <strong>Trennung<\/strong> und Aufl\u00f6sung des Konkubinats<\/li>\n\n\n\n<li>Vorsorgliche Vereinbarungen zur <strong>Vermeidung sp\u00e4terer Konflikte<\/strong><\/li>\n<\/ul>\n<\/div>\n<\/details>\n\n\n\n<details class=\"wp-block-details has-background is-layout-flow wp-container-core-details-is-layout-f4455a1d wp-block-details-is-layout-flow\" style=\"background-color:#f6f6f6;margin-right:var(--wp--preset--spacing--20);margin-left:var(--wp--preset--spacing--20);padding-top:var(--wp--preset--spacing--20);padding-right:var(--wp--preset--spacing--20);padding-bottom:var(--wp--preset--spacing--20);padding-left:var(--wp--preset--spacing--20)\"><summary>Namensf\u00fchrung<\/summary>\n<div class=\"wp-block-group is-layout-flow wp-block-group-is-layout-flow\" style=\"padding-right:var(--wp--preset--spacing--20);padding-left:var(--wp--preset--spacing--20)\">\n<p>Die <strong>Namensf\u00fchrung<\/strong> beginnt bei der Geburt und kann im Laufe des Lebens \u00c4nderungen erfahren. Wir beraten und vertreten Sie kompetent insbesondere in folgenden Anliegen:<\/p>\n\n\n\n<ul style=\"padding-top:0;padding-right:var(--wp--preset--spacing--30);padding-bottom:0;padding-left:var(--wp--preset--spacing--30)\" class=\"wp-block-list is-style-default\">\n<li>Fragen zur Namensf\u00fchrung &#8211; zum Beispiel welchen Vornamen darf ich meinem Kind geben?<\/li>\n\n\n\n<li><strong>Namenserkl\u00e4rung<\/strong> &#8211; zum Beispiel nach der Scheidung<\/li>\n\n\n\n<li>Gesuch um <strong>Namens\u00e4nderung<\/strong> &#8211; Sie sind mit Ihrem Namen oder Vornamen unzufrieden und m\u00f6chten diesen gerne \u00e4ndern. Wir beraten Sie dazu kompetent hinsichtlich der M\u00f6glichkeiten eines Gesuches um Namens\u00e4nderung und vertreten Sie vor den zust\u00e4ndigen Beh\u00f6rden.<\/li>\n\n\n\n<li><strong>Internationale Fragen<\/strong> rund um die Namensf\u00fchrung. Sie fragen sich, nach welchem Recht Sie den Namen Ihrer Kinder bestimmen d\u00fcrfen oder weshalb Sie beispielsweise bei mehreren Nationalit\u00e4ten unterschiedliche Namen tragen. Auch bei Fragen zur Schreibweise Ihres Namens unterst\u00fctzen wir Sie mit grossem Fachwissen.<\/li>\n<\/ul>\n<\/div>\n<\/details>\n\n\n\n<details class=\"wp-block-details has-background is-layout-flow wp-container-core-details-is-layout-f4455a1d wp-block-details-is-layout-flow\" style=\"background-color:#f6f6f6;margin-right:var(--wp--preset--spacing--20);margin-left:var(--wp--preset--spacing--20);padding-top:var(--wp--preset--spacing--20);padding-right:var(--wp--preset--spacing--20);padding-bottom:var(--wp--preset--spacing--20);padding-left:var(--wp--preset--spacing--20)\"><summary>Leihmutterschaft, Adoption &amp; Herkunftssuche<\/summary>\n<div class=\"wp-block-group is-layout-flow wp-block-group-is-layout-flow\" style=\"padding-right:var(--wp--preset--spacing--20);padding-left:var(--wp--preset--spacing--20)\">\n<p>In der heutigen Zeit stellen sich viele Fragen rund um die Leihmutterschaft, um die Adoption sowie die Suche nach der eigenen Herkunft. Wir blicken auf ein langj\u00e4hriges Spezialfachwissen in diesen Bereichen zur\u00fcck und beraten Sie schweizweit und international insbesondere in folgenden Anliegen:<\/p>\n\n\n\n<ul style=\"padding-top:0;padding-right:var(--wp--preset--spacing--30);padding-bottom:0;padding-left:var(--wp--preset--spacing--30)\" class=\"wp-block-list is-style-default\">\n<li><strong>Leihmutterschaft<\/strong> &#8211; Sie haben sich Ihren Kinderwunsch mittels einer Leihmutter im Ausland erf\u00fcllt und fragen sich nun, welche rechtlichen Folgen in der Schweiz damit verbunden sind und wie Sie Ihre Rechte wahrnehmen k\u00f6nnen. Wir unterst\u00fctzen Sie bei der rechtlichen Begr\u00fcndung eines Kindesverh\u00e4ltnisses &#8211; sei es in der Schweiz oder im Ausland, begleiten Sie im Beh\u00f6rdenkontakt zwecks Einreise des Kindes in die Schweiz und helfen Ihnen bei der Einreichung eines Gesuches um Stiefkindadoption etc.<\/li>\n\n\n\n<li><strong>Adoption<\/strong> &#8211; Sie leben in einer Patchworkfamilie und w\u00fcrden gerne das Kind Ihres Partners oder Ihrer Partnerin adoptieren. Wir beraten Sie zu den Voraussetzungen einer Adoption und unterst\u00fctzen Sie bei der Zusammenstellung der Unterlagen f\u00fcr das Adoptionsgesuch. Wir erstellen Ihnen das begr\u00fcndete Gesuch um Adoption und reichen es bei den zust\u00e4ndigen Beh\u00f6rden ein.<\/li>\n\n\n\n<li><strong>Herkunftssuche und Anspruch auf Kenntnis der Abstammung<\/strong> &#8211; Sie haben vor vielen Jahren ein Kind zur Adoption freigegeben und sind auf der Suche nach Ihrem Kind, oder Sie wurden selbst adoptiert und sind auf der Suche nach Ihren leiblichen Eltern und allf\u00e4lligen Geschwistern.Wir beraten und unterst\u00fctzen Sie bei der Suche nach Ihrer Herkunft und Ihren Wurzeln oder nach Ihren zur Adoption freigegebenen Kindern.<\/li>\n<\/ul>\n<\/div>\n<\/details>\n<\/div>\n<\/div>\n\n\n\n<div class=\"wp-block-group alignwide is-layout-flow wp-container-core-group-is-layout-3bc14147 wp-block-group-is-layout-flow\" style=\"margin-top:0;margin-bottom:0;padding-top:var(--wp--preset--spacing--30);padding-right:var(--wp--preset--spacing--50);padding-bottom:var(--wp--preset--spacing--30);padding-left:var(--wp--preset--spacing--50)\">\n<hr class=\"wp-block-separator has-alpha-channel-opacity\" style=\"margin-top:var(--wp--preset--spacing--20);margin-bottom:var(--wp--preset--spacing--20)\"\/>\n\n\n\n<h2 class=\"wp-block-heading has-x-large-font-size\" style=\"margin-top:0;margin-bottom:0;padding-top:var(--wp--preset--spacing--20);padding-bottom:var(--wp--preset--spacing--20)\">Verwaltungsrecht &amp; Rechtsetzung<\/h2>\n\n\n\n<p style=\"margin-top:var(--wp--preset--spacing--20);margin-right:0;margin-bottom:var(--wp--preset--spacing--20);margin-left:0\">Wir beraten und unterst\u00fctzen Beh\u00f6rden und \u00f6ffentliche Institutionen kompetent und praxisnah.<\/p>\n\n\n\n<div class=\"wp-block-group is-layout-flow wp-container-core-group-is-layout-8cf3dff6 wp-block-group-is-layout-flow\" style=\"padding-top:var(--wp--preset--spacing--20);padding-bottom:var(--wp--preset--spacing--20)\">\n<details class=\"wp-block-details has-background is-layout-flow wp-container-core-details-is-layout-f4455a1d wp-block-details-is-layout-flow\" style=\"background-color:#f6f6f6;margin-right:var(--wp--preset--spacing--20);margin-left:var(--wp--preset--spacing--20);padding-top:var(--wp--preset--spacing--20);padding-right:var(--wp--preset--spacing--20);padding-bottom:var(--wp--preset--spacing--20);padding-left:var(--wp--preset--spacing--20)\"><summary>Verwaltungsrecht<\/summary>\n<div class=\"wp-block-group has-global-padding is-content-justification-left is-layout-constrained wp-container-core-group-is-layout-4fb6137e wp-block-group-is-layout-constrained\" style=\"padding-right:var(--wp--preset--spacing--20);padding-left:var(--wp--preset--spacing--20)\">\n<ul style=\"padding-top:0;padding-right:var(--wp--preset--spacing--30);padding-bottom:0;padding-left:var(--wp--preset--spacing--30)\" class=\"wp-block-list is-style-default\">\n<li>Rechtliche Unterst\u00fctzung im Umgang mit B\u00fcrgerinnen und B\u00fcrgern<\/li>\n\n\n\n<li>Beratung in verwaltungsrechtlichen Verfahren<\/li>\n\n\n\n<li>Erarbeitung pragmatischer und rechtssicherer L\u00f6sungen<\/li>\n<\/ul>\n<\/div>\n<\/details>\n\n\n\n<details class=\"wp-block-details has-background is-layout-flow wp-container-core-details-is-layout-f4455a1d wp-block-details-is-layout-flow\" style=\"background-color:#f6f6f6;margin-right:var(--wp--preset--spacing--20);margin-left:var(--wp--preset--spacing--20);padding-top:var(--wp--preset--spacing--20);padding-right:var(--wp--preset--spacing--20);padding-bottom:var(--wp--preset--spacing--20);padding-left:var(--wp--preset--spacing--20)\"><summary>Rechtsetzung<\/summary>\n<div class=\"wp-block-group is-layout-flow wp-block-group-is-layout-flow\" style=\"padding-right:var(--wp--preset--spacing--20);padding-left:var(--wp--preset--spacing--20)\">\n<ul style=\"padding-top:0;padding-right:var(--wp--preset--spacing--30);padding-bottom:0;padding-left:var(--wp--preset--spacing--30)\" class=\"wp-block-list is-style-default\">\n<li>Beratung und Mitwirkung bei der Ausarbeitung von Erlassen, Verordnungen und Reglementen<\/li>\n\n\n\n<li>Juristische Pr\u00fcfung und Optimierung von Gesetzestexten<\/li>\n\n\n\n<li>Unterst\u00fctzung bei rechtlichen Fragestellungen im Gesetzgebungsprozess<\/li>\n<\/ul>\n<\/div>\n<\/details>\n<\/div>\n<\/div>\n\n\n\n<div class=\"wp-block-group alignwide is-layout-flow wp-container-core-group-is-layout-3bc14147 wp-block-group-is-layout-flow\" style=\"margin-top:0;margin-bottom:0;padding-top:var(--wp--preset--spacing--30);padding-right:var(--wp--preset--spacing--50);padding-bottom:var(--wp--preset--spacing--30);padding-left:var(--wp--preset--spacing--50)\">\n<hr class=\"wp-block-separator has-alpha-channel-opacity\" style=\"margin-top:var(--wp--preset--spacing--20);margin-bottom:var(--wp--preset--spacing--20)\"\/>\n\n\n\n<h2 class=\"wp-block-heading has-x-large-font-size\" style=\"margin-top:0;margin-bottom:0;padding-top:var(--wp--preset--spacing--20);padding-bottom:var(--wp--preset--spacing--20)\">Referate &amp; Lehrt\u00e4tigkeit<\/h2>\n\n\n\n<p style=\"margin-top:var(--wp--preset--spacing--20);margin-right:0;margin-bottom:var(--wp--preset--spacing--20);margin-left:0\">Neben unserer anwaltlichen T\u00e4tigkeit engagieren wir uns in der Aus- und Weiterbildung sowie in der Wissensvermittlung.<\/p>\n\n\n\n<div class=\"wp-block-group is-layout-flow wp-container-core-group-is-layout-8cf3dff6 wp-block-group-is-layout-flow\" style=\"padding-top:var(--wp--preset--spacing--20);padding-bottom:var(--wp--preset--spacing--20)\">\n<details class=\"wp-block-details has-background is-layout-flow wp-container-core-details-is-layout-f4455a1d wp-block-details-is-layout-flow\" style=\"background-color:#f6f6f6;margin-right:var(--wp--preset--spacing--20);margin-left:var(--wp--preset--spacing--20);padding-top:var(--wp--preset--spacing--20);padding-right:var(--wp--preset--spacing--20);padding-bottom:var(--wp--preset--spacing--20);padding-left:var(--wp--preset--spacing--20)\"><summary>Referate &amp; Lehrt\u00e4tigkeit<\/summary>\n<div class=\"wp-block-group has-global-padding is-content-justification-left is-layout-constrained wp-container-core-group-is-layout-4fb6137e wp-block-group-is-layout-constrained\" style=\"padding-right:var(--wp--preset--spacing--20);padding-left:var(--wp--preset--spacing--20)\">\n<ul style=\"padding-top:0;padding-right:var(--wp--preset--spacing--30);padding-bottom:0;padding-left:var(--wp--preset--spacing--30)\" class=\"wp-block-list is-style-default\">\n<li><strong>Referate und Fachvortr\u00e4ge<\/strong> zu Themen aus dem Familien-, Kindes- und Verwaltungsrecht<\/li>\n\n\n\n<li>Mitwirkung an <strong>Aus- und Weiterbildungsveranstaltungen<\/strong><\/li>\n\n\n\n<li>Lehrt\u00e4tigkeit an Fachhochschulen und Universit\u00e4ten<\/li>\n\n\n\n<li>Praxisnahe Vermittlung rechtlicher Inhalte f\u00fcr Fachpersonen, Private und Institutionen<\/li>\n<\/ul>\n<\/div>\n<\/details>\n<\/div>\n<\/div>\n\n\n\n<div class=\"wp-block-group alignwide is-layout-flow wp-container-core-group-is-layout-3bc14147 wp-block-group-is-layout-flow\" style=\"margin-top:0;margin-bottom:0;padding-top:var(--wp--preset--spacing--30);padding-right:var(--wp--preset--spacing--50);padding-bottom:var(--wp--preset--spacing--30);padding-left:var(--wp--preset--spacing--50)\">\n<hr class=\"wp-block-separator has-alpha-channel-opacity\" style=\"margin-top:var(--wp--preset--spacing--20);margin-bottom:var(--wp--preset--spacing--20)\"\/>\n\n\n\n<h2 class=\"wp-block-heading has-x-large-font-size\" style=\"margin-top:0;margin-bottom:0;padding-top:var(--wp--preset--spacing--20);padding-bottom:var(--wp--preset--spacing--20)\">Honorar<\/h2>\n\n\n\n<p style=\"margin-top:var(--wp--preset--spacing--20);margin-right:0;margin-bottom:var(--wp--preset--spacing--20);margin-left:0\">Das Anwaltshonorar richtet sich nach der Parteikostenverordnung des Kantons Bern sowie nach der individuellen Honorarvereinbarung zwischen Anw\u00e4ltin bzw. Anwalt und Klientschaft.<\/p>\n\n\n\n<div class=\"wp-block-group is-layout-flow wp-container-core-group-is-layout-8cf3dff6 wp-block-group-is-layout-flow\" style=\"padding-top:var(--wp--preset--spacing--20);padding-bottom:var(--wp--preset--spacing--20)\">\n<details class=\"wp-block-details has-background is-layout-flow wp-container-core-details-is-layout-f4455a1d wp-block-details-is-layout-flow\" style=\"background-color:#f6f6f6;margin-right:var(--wp--preset--spacing--20);margin-left:var(--wp--preset--spacing--20);padding-top:var(--wp--preset--spacing--20);padding-right:var(--wp--preset--spacing--20);padding-bottom:var(--wp--preset--spacing--20);padding-left:var(--wp--preset--spacing--20)\"><summary>Informationen<\/summary>\n<div class=\"wp-block-group has-global-padding is-content-justification-left is-layout-constrained wp-container-core-group-is-layout-4fb6137e wp-block-group-is-layout-constrained\" style=\"padding-right:var(--wp--preset--spacing--20);padding-left:var(--wp--preset--spacing--20)\">\n<p style=\"padding-top:0;padding-bottom:0\">Sofern nichts anderes vereinbart wird, erfolgt die Abrechnung nach <strong>Zeitaufwand<\/strong>. Der <strong>Stundenansatz f\u00fcr anwaltliche T\u00e4tigkeit und Mediation<\/strong> betr\u00e4gt grunds\u00e4tzlich <strong>CHF 280.\u2013 <\/strong>zuz\u00fcglich Mehrwertsteuer und allf\u00e4lliger Auslagen.<\/p>\n\n\n\n<p style=\"padding-top:0;padding-bottom:0\">Die Advokatur beh\u00e4lt sich vor, zu Beginn oder im Verlauf des Mandats einen dem Stand der Arbeiten entsprechenden <strong>Kostenvorschuss<\/strong> zu verlangen, wie dies gesetzlich vorgesehen und \u00fcblich ist. Diese Praxis dient der transparenten Information \u00fcber den anwaltlichen Aufwand und der Vermeidung unerwartet hoher Honorarforderungen bei Mandatsabschluss.<\/p>\n\n\n\n<p style=\"padding-top:0;padding-bottom:0\">Sofern die gesetzlichen Voraussetzungen erf\u00fcllt sind, kann in <strong>besonderen F\u00e4llen<\/strong> die M\u00f6glichkeit der <strong>unentgeltlichen Rechtspfleg<\/strong>e gepr\u00fcft und gegebenenfalls beantragt werden.<\/p>\n\n\n\n<p style=\"padding-top:0;padding-bottom:0\">Falls Sie \u00fcber eine <strong>Rechtsschutzversicherung<\/strong> verf\u00fcgen, bitten wir Sie, vorab mit dieser R\u00fccksprache zu nehmen und abzukl\u00e4ren, ob die entstehenden Kosten gedeckt sind und ob Sie von der <strong>freien Anwaltswahl<\/strong> Gebrauch machen k\u00f6nnen. Gerne unterst\u00fctzen wir Sie bei diesen Abkl\u00e4rungen.<\/p>\n\n\n\n<p style=\"padding-top:0;padding-bottom:0\">Gerne informieren wir Sie pers\u00f6nlich und transparent \u00fcber die zu erwartenden Kosten.<\/p>\n<\/div>\n<\/details>\n<\/div>\n<\/div>\n<\/div>\n","protected":false},"excerpt":{"rendered":"<p>Dienstleistungen Wir stehen f\u00fcr klare Kommunikation, fundierte Fachkenntnisse und praxisnahe L\u00f6sungen \u2013 in der Beratung, vor Beh\u00f6rden und Gerichten sowie in der Lehre. Kontaktieren Sie uns jetzt und lassen Sie uns gemeinsam Ihre rechtlichen Herausforderungen meistern &#8211; wir sind gerne f\u00fcr Sie da! Familienrecht Wir begleiten Sie kompetent und einf\u00fchlsam in allen familienrechtlichen Angelegenheiten \u2013 [&hellip;]<\/p>\n","protected":false},"author":1,"featured_media":0,"parent":0,"menu_order":0,"comment_status":"closed","ping_status":"closed","template":"","meta":{"footnotes":""},"class_list":["post-26","page","type-page","status-publish","hentry"],"jetpack_sharing_enabled":true,"_links":{"self":[{"href":"https:\/\/advokatur-graf.ch\/index.php?rest_route=\/wp\/v2\/pages\/26","targetHints":{"allow":["GET"]}}],"collection":[{"href":"https:\/\/advokatur-graf.ch\/index.php?rest_route=\/wp\/v2\/pages"}],"about":[{"href":"https:\/\/advokatur-graf.ch\/index.php?rest_route=\/wp\/v2\/types\/page"}],"author":[{"embeddable":true,"href":"https:\/\/advokatur-graf.ch\/index.php?rest_route=\/wp\/v2\/users\/1"}],"replies":[{"embeddable":true,"href":"https:\/\/advokatur-graf.ch\/index.php?rest_route=%2Fwp%2Fv2%2Fcomments&post=26"}],"version-history":[{"count":47,"href":"https:\/\/advokatur-graf.ch\/index.php?rest_route=\/wp\/v2\/pages\/26\/revisions"}],"predecessor-version":[{"id":437,"href":"https:\/\/advokatur-graf.ch\/index.php?rest_route=\/wp\/v2\/pages\/26\/revisions\/437"}],"wp:attachment":[{"href":"https:\/\/advokatur-graf.ch\/index.php?rest_route=%2Fwp%2Fv2%2Fmedia&parent=26"}],"curies":[{"name":"wp","href":"https:\/\/api.w.org\/{rel}","templated":true}]}}