{"id":35,"date":"2025-12-23T12:01:39","date_gmt":"2025-12-23T12:01:39","guid":{"rendered":"https:\/\/advokatur-graf.ch\/?page_id=35"},"modified":"2025-12-29T16:28:07","modified_gmt":"2025-12-29T16:28:07","slug":"home","status":"publish","type":"page","link":"https:\/\/advokatur-graf.ch\/","title":{"rendered":"Home"},"content":{"rendered":"\n<div class=\"wp-block-group alignfull has-global-padding is-layout-constrained wp-container-core-group-is-layout-7f26bf39 wp-block-group-is-layout-constrained\" style=\"min-height:0vh;margin-top:0;margin-bottom:0;padding-top:0;padding-right:var(--wp--preset--spacing--40);padding-bottom:0;padding-left:var(--wp--preset--spacing--40)\">\n<div class=\"wp-block-group has-global-padding is-layout-constrained wp-container-core-group-is-layout-ad1af2a0 wp-block-group-is-layout-constrained\" style=\"margin-top:0;margin-bottom:0;padding-top:0;padding-bottom:0\">\n<div class=\"wp-block-group is-vertical is-content-justification-center is-layout-flex wp-container-core-group-is-layout-b3dc17cf wp-block-group-is-layout-flex\" style=\"padding-top:0;padding-bottom:0\">\n<figure class=\"wp-block-image size-large is-resized\" style=\"margin-top:0;margin-bottom:0\"><img loading=\"lazy\" decoding=\"async\" width=\"1024\" height=\"487\" src=\"http:\/\/advokatur-graf.ch\/wp-content\/uploads\/2025\/12\/cropped-Advokatur-Graf-Logo-Design2-1024x487.png\" alt=\"\" class=\"wp-image-49\" style=\"aspect-ratio:2.1026894865525674;width:399px;height:auto\" srcset=\"https:\/\/advokatur-graf.ch\/wp-content\/uploads\/2025\/12\/cropped-Advokatur-Graf-Logo-Design2-1024x487.png 1024w, https:\/\/advokatur-graf.ch\/wp-content\/uploads\/2025\/12\/cropped-Advokatur-Graf-Logo-Design2-300x143.png 300w, https:\/\/advokatur-graf.ch\/wp-content\/uploads\/2025\/12\/cropped-Advokatur-Graf-Logo-Design2-768x366.png 768w, https:\/\/advokatur-graf.ch\/wp-content\/uploads\/2025\/12\/cropped-Advokatur-Graf-Logo-Design2-1536x731.png 1536w, https:\/\/advokatur-graf.ch\/wp-content\/uploads\/2025\/12\/cropped-Advokatur-Graf-Logo-Design2.png 1647w\" sizes=\"auto, (max-width: 1024px) 100vw, 1024px\" \/><\/figure>\n\n\n\n<p class=\"has-text-align-center\">Verl\u00e4sslich an Ihrer Seite \u2013 in allen Lebenslagen<\/p>\n<\/div>\n<\/div>\n<\/div>\n\n\n\n<div class=\"wp-block-group alignfull has-global-padding is-content-justification-center is-layout-constrained wp-container-core-group-is-layout-c4aa9868 wp-block-group-is-layout-constrained\" style=\"padding-top:var(--wp--preset--spacing--70);padding-right:var(--wp--preset--spacing--70);padding-bottom:var(--wp--preset--spacing--70);padding-left:var(--wp--preset--spacing--70)\">\n<div class=\"wp-block-columns alignwide is-layout-flex wp-container-core-columns-is-layout-343a6ea1 wp-block-columns-is-layout-flex\" style=\"border-style:none;border-width:0px;border-top-left-radius:0px;border-top-right-radius:0px;border-bottom-left-radius:0px;border-bottom-right-radius:0px;padding-right:var(--wp--preset--spacing--50);padding-left:var(--wp--preset--spacing--50)\">\n<div class=\"wp-block-column is-vertically-aligned-center has-global-padding is-content-justification-left is-layout-constrained wp-container-core-column-is-layout-1ad27c61 wp-block-column-is-layout-constrained\" style=\"padding-right:0;padding-left:0\">\n<div class=\"wp-block-group has-global-padding is-layout-constrained wp-container-core-group-is-layout-7db9d80f wp-block-group-is-layout-constrained\" style=\"padding-right:0;padding-left:0\">\n<p>Rechtliche Fragen k\u00f6nnen in jeder Lebensphase auftreten \u2013 sei es innerhalb der Familie oder im Umgang mit Beh\u00f6rden.<\/p>\n\n\n\n<p>Wir begleiten Sie kompetent und einf\u00fchlsam:<br>Im Familienrecht unterst\u00fctzen wir Privatpersonen bei Trennung, Scheidung, Sorgerecht, Unterhalt oder Adoption. Gleichzeitig stehen wir Beh\u00f6rden im Verwaltungsrecht beratend zur Seite, sei es im B\u00fcrgerkontakt oder bei der Rechtsetzung.<\/p>\n\n\n\n<p>Wir h\u00f6ren Ihnen genau zu, nehmen Ihre Anliegen ernst und entwickeln praktische, realistische L\u00f6sungen, die auf Ihre individuelle Situation zugeschnitten sind.<\/p>\n\n\n\n<p>Wo m\u00f6glich, setzen wir auf Mediation und einvernehmliche Konfliktl\u00f6sungen, um langwierige Auseinandersetzungen zu vermeiden.<\/p>\n<\/div>\n<\/div>\n\n\n\n<div class=\"wp-block-column is-vertically-aligned-center has-global-padding is-content-justification-right is-layout-constrained wp-container-core-column-is-layout-f1f2ed93 wp-block-column-is-layout-constrained\">\n<div class=\"wp-block-group is-vertical is-content-justification-center is-layout-flex wp-container-core-group-is-layout-e6371ee9 wp-block-group-is-layout-flex\" style=\"padding-right:0;padding-left:0\">\n<figure class=\"wp-block-image size-full is-style-default\"><img loading=\"lazy\" decoding=\"async\" width=\"1849\" height=\"1849\" src=\"https:\/\/advokatur-graf.ch\/wp-content\/uploads\/2025\/12\/IMG_5026.png\" alt=\"\" class=\"wp-image-299\" srcset=\"https:\/\/advokatur-graf.ch\/wp-content\/uploads\/2025\/12\/IMG_5026.png 1849w, https:\/\/advokatur-graf.ch\/wp-content\/uploads\/2025\/12\/IMG_5026-300x300.png 300w, https:\/\/advokatur-graf.ch\/wp-content\/uploads\/2025\/12\/IMG_5026-1024x1024.png 1024w, https:\/\/advokatur-graf.ch\/wp-content\/uploads\/2025\/12\/IMG_5026-150x150.png 150w, https:\/\/advokatur-graf.ch\/wp-content\/uploads\/2025\/12\/IMG_5026-768x768.png 768w, https:\/\/advokatur-graf.ch\/wp-content\/uploads\/2025\/12\/IMG_5026-1536x1536.png 1536w\" sizes=\"auto, (max-width: 1849px) 100vw, 1849px\" \/><\/figure>\n<\/div>\n<\/div>\n<\/div>\n<\/div>\n","protected":false},"excerpt":{"rendered":"<p>Verl\u00e4sslich an Ihrer Seite \u2013 in allen Lebenslagen Rechtliche Fragen k\u00f6nnen in jeder Lebensphase auftreten \u2013 sei es innerhalb der Familie oder im Umgang mit Beh\u00f6rden. Wir begleiten Sie kompetent und einf\u00fchlsam:Im Familienrecht unterst\u00fctzen wir Privatpersonen bei Trennung, Scheidung, Sorgerecht, Unterhalt oder Adoption. Gleichzeitig stehen wir Beh\u00f6rden im Verwaltungsrecht beratend zur Seite, sei es im [&hellip;]<\/p>\n","protected":false},"author":1,"featured_media":0,"parent":0,"menu_order":0,"comment_status":"closed","ping_status":"closed","template":"","meta":{"footnotes":""},"class_list":["post-35","page","type-page","status-publish","hentry"],"jetpack_sharing_enabled":true,"_links":{"self":[{"href":"https:\/\/advokatur-graf.ch\/index.php?rest_route=\/wp\/v2\/pages\/35","targetHints":{"allow":["GET"]}}],"collection":[{"href":"https:\/\/advokatur-graf.ch\/index.php?rest_route=\/wp\/v2\/pages"}],"about":[{"href":"https:\/\/advokatur-graf.ch\/index.php?rest_route=\/wp\/v2\/types\/page"}],"author":[{"embeddable":true,"href":"https:\/\/advokatur-graf.ch\/index.php?rest_route=\/wp\/v2\/users\/1"}],"replies":[{"embeddable":true,"href":"https:\/\/advokatur-graf.ch\/index.php?rest_route=%2Fwp%2Fv2%2Fcomments&post=35"}],"version-history":[{"count":97,"href":"https:\/\/advokatur-graf.ch\/index.php?rest_route=\/wp\/v2\/pages\/35\/revisions"}],"predecessor-version":[{"id":343,"href":"https:\/\/advokatur-graf.ch\/index.php?rest_route=\/wp\/v2\/pages\/35\/revisions\/343"}],"wp:attachment":[{"href":"https:\/\/advokatur-graf.ch\/index.php?rest_route=%2Fwp%2Fv2%2Fmedia&parent=35"}],"curies":[{"name":"wp","href":"https:\/\/api.w.org\/{rel}","templated":true}]}}