{"id":354,"date":"2025-12-29T16:46:13","date_gmt":"2025-12-29T16:46:13","guid":{"rendered":"https:\/\/advokatur-graf.ch\/?page_id=354"},"modified":"2025-12-29T17:22:13","modified_gmt":"2025-12-29T17:22:13","slug":"impressum","status":"publish","type":"page","link":"https:\/\/advokatur-graf.ch\/?page_id=354","title":{"rendered":"Impressum"},"content":{"rendered":"\n<div class=\"wp-block-group alignfull has-global-padding is-layout-constrained wp-container-core-group-is-layout-0323a4a3 wp-block-group-is-layout-constrained\" style=\"margin-top:var(--wp--preset--spacing--30);margin-bottom:var(--wp--preset--spacing--30)\">\n<div class=\"wp-block-group alignwide is-layout-flow wp-container-core-group-is-layout-1d502f63 wp-block-group-is-layout-flow\" style=\"margin-top:0;margin-bottom:0;padding-top:var(--wp--preset--spacing--30);padding-right:var(--wp--preset--spacing--70);padding-bottom:var(--wp--preset--spacing--30);padding-left:var(--wp--preset--spacing--70)\">\n<h2 class=\"wp-block-heading has-x-large-font-size\" style=\"margin-top:0;margin-bottom:0;padding-top:var(--wp--preset--spacing--20);padding-bottom:var(--wp--preset--spacing--20)\">Impressum<\/h2>\n\n\n\n<div style=\"height:20px\" aria-hidden=\"true\" class=\"wp-block-spacer\"><\/div>\n\n\n\n<p>Verantwortlich f\u00fcr den Inhalt:<\/p>\n\n\n\n<hr class=\"wp-block-separator has-alpha-channel-opacity\"\/>\n\n\n\n<p>Advokatur Graf<br>Cora Graf-Gaiser<br>Burgergasse 23<br>3400 Burgdorf<br>kontakt@advokatur-graf.ch<\/p>\n\n\n\n<div style=\"height:20px\" aria-hidden=\"true\" class=\"wp-block-spacer\"><\/div>\n\n\n\n<p>Rechte:<\/p>\n\n\n\n<hr class=\"wp-block-separator has-alpha-channel-opacity\"\/>\n\n\n\n<p>Alle Urheber- und anderen Rechte am gesamten Inhalt dieser Website liegen bei der Einzelfirma Advokatur Graf.<\/p>\n\n\n\n<div style=\"height:20px\" aria-hidden=\"true\" class=\"wp-block-spacer\"><\/div>\n\n\n\n<p>Haftungsausschluss:<\/p>\n\n\n\n<hr class=\"wp-block-separator has-alpha-channel-opacity\"\/>\n\n\n\n<p>Der Inhalt dieser Website wurde mit gr\u00f6sstm\u00f6glicher Sorgfalt erstellt und wird regelm\u00e4ssig \u00fcberpr\u00fcft sowie aktualisiert. Dennoch kann keine Gew\u00e4hr f\u00fcr die Richtigkeit, Vollst\u00e4ndigkeit und Aktualit\u00e4t der Inhalte \u00fcbernommen werden.<\/p>\n\n\n\n<p>Jegliche Haftung f\u00fcr Inhalte Dritter, die \u00fcber externe Links auf dieser Website abrufbar sind, wird ausdr\u00fccklich ausgeschlossen. F\u00fcr diese Inhalte sind ausschliesslich die jeweiligen Drittanbieter verantwortlich.<\/p>\n\n\n\n<p>Durch die Nutzung dieser Website oder der darin enthaltenen Informationen kommt weder ein Mandatsverh\u00e4ltnis noch ein anderes vertragliches Rechtsverh\u00e4ltnis zustande. Die bereitgestellten Informationen stellen keine Rechtsberatung dar und k\u00f6nnen eine individuelle, professionelle Rechtsauskunft nicht ersetzen. F\u00fcr eine verbindliche Beratung wenden Sie sich bitte an eine Anw\u00e4ltin oder einen Anwalt.<\/p>\n\n\n\n<p>Sollten \u00fcber die auf dieser Website enthaltenen Links rechtswidrige Inhalte Dritter abrufbar sein, bitten wir um entsprechende Mitteilung an kontakt@advokatur-graf.ch<\/p>\n\n\n\n<div style=\"height:20px\" aria-hidden=\"true\" class=\"wp-block-spacer\"><\/div>\n\n\n\n<p>Konzept und Umsetzung:<\/p>\n\n\n\n<hr class=\"wp-block-separator has-alpha-channel-opacity\"\/>\n\n\n\n<p>Ken Graf<br>8046 Z\u00fcrich<\/p>\n\n\n\n<div style=\"height:20px\" aria-hidden=\"true\" class=\"wp-block-spacer\"><\/div>\n\n\n\n<p>Infrastruktur:&nbsp;<\/p>\n\n\n\n<hr class=\"wp-block-separator has-alpha-channel-opacity\"\/>\n\n\n\n<p>METANET AG<br>Josefstrasse 218<br>CH-8005 Z\u00fcrich<\/p>\n<\/div>\n<\/div>\n","protected":false},"excerpt":{"rendered":"<p>Impressum Verantwortlich f\u00fcr den Inhalt: Advokatur GrafCora Graf-GaiserBurgergasse 233400 Burgdorfkontakt@advokatur-graf.ch Rechte: Alle Urheber- und anderen Rechte am gesamten Inhalt dieser Website liegen bei der Einzelfirma Advokatur Graf. Haftungsausschluss: Der Inhalt dieser Website wurde mit gr\u00f6sstm\u00f6glicher Sorgfalt erstellt und wird regelm\u00e4ssig \u00fcberpr\u00fcft sowie aktualisiert. Dennoch kann keine Gew\u00e4hr f\u00fcr die Richtigkeit, Vollst\u00e4ndigkeit und Aktualit\u00e4t der Inhalte [&hellip;]<\/p>\n","protected":false},"author":1,"featured_media":0,"parent":0,"menu_order":0,"comment_status":"closed","ping_status":"closed","template":"","meta":{"footnotes":""},"class_list":["post-354","page","type-page","status-publish","hentry"],"jetpack_sharing_enabled":true,"_links":{"self":[{"href":"https:\/\/advokatur-graf.ch\/index.php?rest_route=\/wp\/v2\/pages\/354","targetHints":{"allow":["GET"]}}],"collection":[{"href":"https:\/\/advokatur-graf.ch\/index.php?rest_route=\/wp\/v2\/pages"}],"about":[{"href":"https:\/\/advokatur-graf.ch\/index.php?rest_route=\/wp\/v2\/types\/page"}],"author":[{"embeddable":true,"href":"https:\/\/advokatur-graf.ch\/index.php?rest_route=\/wp\/v2\/users\/1"}],"replies":[{"embeddable":true,"href":"https:\/\/advokatur-graf.ch\/index.php?rest_route=%2Fwp%2Fv2%2Fcomments&post=354"}],"version-history":[{"count":8,"href":"https:\/\/advokatur-graf.ch\/index.php?rest_route=\/wp\/v2\/pages\/354\/revisions"}],"predecessor-version":[{"id":376,"href":"https:\/\/advokatur-graf.ch\/index.php?rest_route=\/wp\/v2\/pages\/354\/revisions\/376"}],"wp:attachment":[{"href":"https:\/\/advokatur-graf.ch\/index.php?rest_route=%2Fwp%2Fv2%2Fmedia&parent=354"}],"curies":[{"name":"wp","href":"https:\/\/api.w.org\/{rel}","templated":true}]}}